{"id":917,"date":"2023-04-25T15:40:02","date_gmt":"2023-04-25T15:40:02","guid":{"rendered":"https:\/\/rifranplac.es\/?page_id=917"},"modified":"2023-04-25T16:54:33","modified_gmt":"2023-04-25T16:54:33","slug":"aislamiento-termico","status":"publish","type":"page","link":"https:\/\/rifranplac.es\/en\/aislamiento-termico\/","title":{"rendered":"Aislamiento T\u00e9rmico"},"content":{"rendered":"<div data-elementor-type=\"wp-page\" data-elementor-id=\"917\" class=\"elementor elementor-917\">\n\t\t\t\t\t\t\t\t\t<section class=\"elementor-section elementor-top-section elementor-element elementor-element-17265a6e elementor-section-boxed elementor-section-height-default elementor-section-height-default\" data-id=\"17265a6e\" data-element_type=\"section\" data-settings=\"{&quot;background_background&quot;:&quot;classic&quot;}\">\n\t\t\t\t\t\t\t<div class=\"elementor-background-overlay\"><\/div>\n\t\t\t\t\t\t\t<div class=\"elementor-container elementor-column-gap-no\">\n\t\t\t\t\t<div class=\"elementor-column elementor-col-100 elementor-top-column elementor-element elementor-element-70967a57\" data-id=\"70967a57\" data-element_type=\"column\">\n\t\t\t<div class=\"elementor-widget-wrap elementor-element-populated\">\n\t\t\t\t\t\t\t\t<div class=\"elementor-element elementor-element-62247ede elementor-widget elementor-widget-heading\" data-id=\"62247ede\" data-element_type=\"widget\" data-widget_type=\"heading.default\">\n\t\t\t\t<div class=\"elementor-widget-container\">\n\t\t\t<style>\/*! elementor - v3.17.0 - 25-10-2023 *\/\n.elementor-heading-title{padding:0;margin:0;line-height:1}.elementor-widget-heading .elementor-heading-title[class*=elementor-size-]>a{color:inherit;font-size:inherit;line-height:inherit}.elementor-widget-heading .elementor-heading-title.elementor-size-small{font-size:15px}.elementor-widget-heading .elementor-heading-title.elementor-size-medium{font-size:19px}.elementor-widget-heading .elementor-heading-title.elementor-size-large{font-size:29px}.elementor-widget-heading .elementor-heading-title.elementor-size-xl{font-size:39px}.elementor-widget-heading .elementor-heading-title.elementor-size-xxl{font-size:59px}<\/style><h1 class=\"elementor-heading-title elementor-size-default\">Aislamiento T\u00e9rmico<\/h1>\t\t<\/div>\n\t\t\t\t<\/div>\n\t\t\t\t\t<\/div>\n\t\t<\/div>\n\t\t\t\t\t\t\t<\/div>\n\t\t<\/section>\n\t\t\t\t<section class=\"elementor-section elementor-top-section elementor-element elementor-element-6c96ec8 elementor-section-boxed elementor-section-height-default elementor-section-height-default\" data-id=\"6c96ec8\" data-element_type=\"section\" data-settings=\"{&quot;background_background&quot;:&quot;classic&quot;}\">\n\t\t\t\t\t\t<div class=\"elementor-container elementor-column-gap-default\">\n\t\t\t\t\t<div class=\"elementor-column elementor-col-100 elementor-top-column elementor-element elementor-element-408182f2\" data-id=\"408182f2\" data-element_type=\"column\">\n\t\t\t<div class=\"elementor-widget-wrap elementor-element-populated\">\n\t\t\t\t\t\t\t\t<div class=\"elementor-element elementor-element-4663e633 elementor-vertical-align-top elementor-widget elementor-widget-icon-box\" data-id=\"4663e633\" data-element_type=\"widget\" data-widget_type=\"icon-box.default\">\n\t\t\t\t<div class=\"elementor-widget-container\">\n\t\t\t<link rel=\"stylesheet\" href=\"https:\/\/rifranplac.es\/wp-content\/plugins\/elementor\/assets\/css\/widget-icon-box.min.css\">\t\t<div class=\"elementor-icon-box-wrapper\">\n\t\t\t\t\t\t<div class=\"elementor-icon-box-content\">\n\t\t\t\t<h2 class=\"elementor-icon-box-title\">\n\t\t\t\t\t<span  >\n\t\t\t\t\t\tAislamientos T\u00e9rmicos\t\t\t\t\t<\/span>\n\t\t\t\t<\/h2>\n\t\t\t\t\t\t\t\t\t<p class=\"elementor-icon-box-description\">\n\t\t\t\t\t\tSi necesitas aislar tu casa con trabajos de pladur en Tomelloso y su comarca, debes saber qu\u00e9 en RIFRANPLAC tienes todo lo necesario para ello.<br>\n\nHacemos aislamientos t\u00e9rmicos para que en tus habitaciones se noten menos los efectos del calor de verano y el fr\u00edo del invierno.<br>\n\nO puedes usar pladur como aislante del fuego, en caso de que trabajes con materiales peligrosos.\n\nSi deseas conocer todo acerca de nuestros productos, lo mejor es que te pongas en contacto con nosotros.\t\t\t\t\t<\/p>\n\t\t\t\t\t\t\t<\/div>\n\t\t<\/div>\n\t\t\t\t<\/div>\n\t\t\t\t<\/div>\n\t\t\t\t\t<\/div>\n\t\t<\/div>\n\t\t\t\t\t\t\t<\/div>\n\t\t<\/section>\n\t\t\t\t<section class=\"elementor-section elementor-top-section elementor-element elementor-element-2e7cccdb elementor-section-boxed elementor-section-height-default elementor-section-height-default\" data-id=\"2e7cccdb\" data-element_type=\"section\" data-settings=\"{&quot;background_background&quot;:&quot;classic&quot;}\">\n\t\t\t\t\t\t<div class=\"elementor-container elementor-column-gap-default\">\n\t\t\t\t\t<div class=\"elementor-column elementor-col-100 elementor-top-column elementor-element elementor-element-7fcdb654\" data-id=\"7fcdb654\" data-element_type=\"column\">\n\t\t\t<div class=\"elementor-widget-wrap elementor-element-populated\">\n\t\t\t\t\t\t\t\t<div class=\"elementor-element elementor-element-7537230e gallery-spacing-custom elementor-widget elementor-widget-image-gallery\" data-id=\"7537230e\" data-element_type=\"widget\" data-widget_type=\"image-gallery.default\">\n\t\t\t\t<div class=\"elementor-widget-container\">\n\t\t\t<style>\/*! elementor - v3.17.0 - 25-10-2023 *\/\n.elementor-image-gallery .gallery-item{display:inline-block;text-align:center;vertical-align:top;width:100%;max-width:100%;margin:0 auto}.elementor-image-gallery .gallery-item img{margin:0 auto}.elementor-image-gallery .gallery-item .gallery-caption{margin:0}.elementor-image-gallery figure img{display:block}.elementor-image-gallery figure figcaption{width:100%}.gallery-spacing-custom .elementor-image-gallery .gallery-icon{padding:0}@media (min-width:768px){.elementor-image-gallery .gallery-columns-2 .gallery-item{max-width:50%}.elementor-image-gallery .gallery-columns-3 .gallery-item{max-width:33.33%}.elementor-image-gallery .gallery-columns-4 .gallery-item{max-width:25%}.elementor-image-gallery .gallery-columns-5 .gallery-item{max-width:20%}.elementor-image-gallery .gallery-columns-6 .gallery-item{max-width:16.666%}.elementor-image-gallery .gallery-columns-7 .gallery-item{max-width:14.28%}.elementor-image-gallery .gallery-columns-8 .gallery-item{max-width:12.5%}.elementor-image-gallery .gallery-columns-9 .gallery-item{max-width:11.11%}.elementor-image-gallery .gallery-columns-10 .gallery-item{max-width:10%}}@media (min-width:480px) and (max-width:767px){.elementor-image-gallery .gallery.gallery-columns-2 .gallery-item,.elementor-image-gallery .gallery.gallery-columns-3 .gallery-item,.elementor-image-gallery .gallery.gallery-columns-4 .gallery-item,.elementor-image-gallery .gallery.gallery-columns-5 .gallery-item,.elementor-image-gallery .gallery.gallery-columns-6 .gallery-item,.elementor-image-gallery .gallery.gallery-columns-7 .gallery-item,.elementor-image-gallery .gallery.gallery-columns-8 .gallery-item,.elementor-image-gallery .gallery.gallery-columns-9 .gallery-item,.elementor-image-gallery .gallery.gallery-columns-10 .gallery-item{max-width:50%}}@media (max-width:479px){.elementor-image-gallery .gallery.gallery-columns-2 .gallery-item,.elementor-image-gallery .gallery.gallery-columns-3 .gallery-item,.elementor-image-gallery .gallery.gallery-columns-4 .gallery-item,.elementor-image-gallery .gallery.gallery-columns-5 .gallery-item,.elementor-image-gallery .gallery.gallery-columns-6 .gallery-item,.elementor-image-gallery .gallery.gallery-columns-7 .gallery-item,.elementor-image-gallery .gallery.gallery-columns-8 .gallery-item,.elementor-image-gallery .gallery.gallery-columns-9 .gallery-item,.elementor-image-gallery .gallery.gallery-columns-10 .gallery-item{max-width:100%}}<\/style>\t\t<div class=\"elementor-image-gallery\">\n\t\t\t<div id='gallery-1' class='gallery galleryid-917 gallery-columns-5 gallery-size-large'><figure class='gallery-item'>\n\t\t\t<div class='gallery-icon landscape'>\n\t\t\t\t<a data-elementor-open-lightbox=\"yes\" data-elementor-lightbox-slideshow=\"7537230e\" data-elementor-lightbox-title=\"Cerramiento-acustico-con-pladur-5\" data-e-action-hash=\"#elementor-action%3Aaction%3Dlightbox%26settings%3DeyJpZCI6OTAzLCJ1cmwiOiJodHRwczpcL1wvcmlmcmFucGxhYy5lc1wvd3AtY29udGVudFwvdXBsb2Fkc1wvMjAyM1wvMDRcL0NlcnJhbWllbnRvLWFjdXN0aWNvLWNvbi1wbGFkdXItNS0xLmpwZyIsInNsaWRlc2hvdyI6Ijc1MzcyMzBlIn0%3D\" href='https:\/\/rifranplac.es\/wp-content\/uploads\/2023\/04\/Cerramiento-acustico-con-pladur-5-1.jpg'><img loading=\"lazy\" decoding=\"async\" width=\"1024\" height=\"826\" src=\"https:\/\/rifranplac.es\/wp-content\/uploads\/2023\/04\/Cerramiento-acustico-con-pladur-5-1-1024x826.jpg\" class=\"attachment-large size-large\" alt=\"\" srcset=\"https:\/\/rifranplac.es\/wp-content\/uploads\/2023\/04\/Cerramiento-acustico-con-pladur-5-1-1024x826.jpg 1024w, https:\/\/rifranplac.es\/wp-content\/uploads\/2023\/04\/Cerramiento-acustico-con-pladur-5-1-300x242.jpg 300w, https:\/\/rifranplac.es\/wp-content\/uploads\/2023\/04\/Cerramiento-acustico-con-pladur-5-1-768x619.jpg 768w, https:\/\/rifranplac.es\/wp-content\/uploads\/2023\/04\/Cerramiento-acustico-con-pladur-5-1.jpg 1157w\" sizes=\"auto, (max-width: 1024px) 100vw, 1024px\" \/><\/a>\n\t\t\t<\/div><\/figure><figure class='gallery-item'>\n\t\t\t<div class='gallery-icon landscape'>\n\t\t\t\t<a data-elementor-open-lightbox=\"yes\" data-elementor-lightbox-slideshow=\"7537230e\" data-elementor-lightbox-title=\"Cerramiento-acustico-con-pladur\" data-e-action-hash=\"#elementor-action%3Aaction%3Dlightbox%26settings%3DeyJpZCI6ODk2LCJ1cmwiOiJodHRwczpcL1wvcmlmcmFucGxhYy5lc1wvd3AtY29udGVudFwvdXBsb2Fkc1wvMjAyM1wvMDRcL0NlcnJhbWllbnRvLWFjdXN0aWNvLWNvbi1wbGFkdXItMy5qcGciLCJzbGlkZXNob3ciOiI3NTM3MjMwZSJ9\" href='https:\/\/rifranplac.es\/wp-content\/uploads\/2023\/04\/Cerramiento-acustico-con-pladur-3.jpg'><img loading=\"lazy\" decoding=\"async\" width=\"1024\" height=\"803\" src=\"https:\/\/rifranplac.es\/wp-content\/uploads\/2023\/04\/Cerramiento-acustico-con-pladur-3-1024x803.jpg\" class=\"attachment-large size-large\" alt=\"\" srcset=\"https:\/\/rifranplac.es\/wp-content\/uploads\/2023\/04\/Cerramiento-acustico-con-pladur-3-1024x803.jpg 1024w, https:\/\/rifranplac.es\/wp-content\/uploads\/2023\/04\/Cerramiento-acustico-con-pladur-3-300x235.jpg 300w, https:\/\/rifranplac.es\/wp-content\/uploads\/2023\/04\/Cerramiento-acustico-con-pladur-3-768x602.jpg 768w, https:\/\/rifranplac.es\/wp-content\/uploads\/2023\/04\/Cerramiento-acustico-con-pladur-3.jpg 1237w\" sizes=\"auto, (max-width: 1024px) 100vw, 1024px\" \/><\/a>\n\t\t\t<\/div><\/figure><figure class='gallery-item'>\n\t\t\t<div class='gallery-icon landscape'>\n\t\t\t\t<a data-elementor-open-lightbox=\"yes\" data-elementor-lightbox-slideshow=\"7537230e\" data-elementor-lightbox-title=\"Cerramiento-acustico-con-pladur\" data-e-action-hash=\"#elementor-action%3Aaction%3Dlightbox%26settings%3DeyJpZCI6OTA1LCJ1cmwiOiJodHRwczpcL1wvcmlmcmFucGxhYy5lc1wvd3AtY29udGVudFwvdXBsb2Fkc1wvMjAyM1wvMDRcL0NlcnJhbWllbnRvLWFjdXN0aWNvLWNvbi1wbGFkdXItMS0zLmpwZyIsInNsaWRlc2hvdyI6Ijc1MzcyMzBlIn0%3D\" href='https:\/\/rifranplac.es\/wp-content\/uploads\/2023\/04\/Cerramiento-acustico-con-pladur-1-3.jpg'><img loading=\"lazy\" decoding=\"async\" width=\"1024\" height=\"826\" src=\"https:\/\/rifranplac.es\/wp-content\/uploads\/2023\/04\/Cerramiento-acustico-con-pladur-1-3-1024x826.jpg\" class=\"attachment-large size-large\" alt=\"\" srcset=\"https:\/\/rifranplac.es\/wp-content\/uploads\/2023\/04\/Cerramiento-acustico-con-pladur-1-3-1024x826.jpg 1024w, https:\/\/rifranplac.es\/wp-content\/uploads\/2023\/04\/Cerramiento-acustico-con-pladur-1-3-300x242.jpg 300w, https:\/\/rifranplac.es\/wp-content\/uploads\/2023\/04\/Cerramiento-acustico-con-pladur-1-3-768x619.jpg 768w, https:\/\/rifranplac.es\/wp-content\/uploads\/2023\/04\/Cerramiento-acustico-con-pladur-1-3.jpg 1157w\" sizes=\"auto, (max-width: 1024px) 100vw, 1024px\" \/><\/a>\n\t\t\t<\/div><\/figure><figure class='gallery-item'>\n\t\t\t<div class='gallery-icon landscape'>\n\t\t\t\t<a data-elementor-open-lightbox=\"yes\" data-elementor-lightbox-slideshow=\"7537230e\" data-elementor-lightbox-title=\"Cerramiento-acustico-con-pladur\" data-e-action-hash=\"#elementor-action%3Aaction%3Dlightbox%26settings%3DeyJpZCI6OTAyLCJ1cmwiOiJodHRwczpcL1wvcmlmcmFucGxhYy5lc1wvd3AtY29udGVudFwvdXBsb2Fkc1wvMjAyM1wvMDRcL0NlcnJhbWllbnRvLWFjdXN0aWNvLWNvbi1wbGFkdXItMi0xLmpwZyIsInNsaWRlc2hvdyI6Ijc1MzcyMzBlIn0%3D\" href='https:\/\/rifranplac.es\/wp-content\/uploads\/2023\/04\/Cerramiento-acustico-con-pladur-2-1.jpg'><img loading=\"lazy\" decoding=\"async\" width=\"1024\" height=\"826\" src=\"https:\/\/rifranplac.es\/wp-content\/uploads\/2023\/04\/Cerramiento-acustico-con-pladur-2-1-1024x826.jpg\" class=\"attachment-large size-large\" alt=\"\" srcset=\"https:\/\/rifranplac.es\/wp-content\/uploads\/2023\/04\/Cerramiento-acustico-con-pladur-2-1-1024x826.jpg 1024w, https:\/\/rifranplac.es\/wp-content\/uploads\/2023\/04\/Cerramiento-acustico-con-pladur-2-1-300x242.jpg 300w, https:\/\/rifranplac.es\/wp-content\/uploads\/2023\/04\/Cerramiento-acustico-con-pladur-2-1-768x619.jpg 768w, https:\/\/rifranplac.es\/wp-content\/uploads\/2023\/04\/Cerramiento-acustico-con-pladur-2-1.jpg 1157w\" sizes=\"auto, (max-width: 1024px) 100vw, 1024px\" \/><\/a>\n\t\t\t<\/div><\/figure><figure class='gallery-item'>\n\t\t\t<div class='gallery-icon landscape'>\n\t\t\t\t<a data-elementor-open-lightbox=\"yes\" data-elementor-lightbox-slideshow=\"7537230e\" data-elementor-lightbox-title=\"Cerramiento-acustico-con-pladur\" data-e-action-hash=\"#elementor-action%3Aaction%3Dlightbox%26settings%3DeyJpZCI6ODk3LCJ1cmwiOiJodHRwczpcL1wvcmlmcmFucGxhYy5lc1wvd3AtY29udGVudFwvdXBsb2Fkc1wvMjAyM1wvMDRcL0NlcnJhbWllbnRvLWFjdXN0aWNvLWNvbi1wbGFkdXItNC5qcGciLCJzbGlkZXNob3ciOiI3NTM3MjMwZSJ9\" href='https:\/\/rifranplac.es\/wp-content\/uploads\/2023\/04\/Cerramiento-acustico-con-pladur-4.jpg'><img loading=\"lazy\" decoding=\"async\" width=\"1024\" height=\"826\" src=\"https:\/\/rifranplac.es\/wp-content\/uploads\/2023\/04\/Cerramiento-acustico-con-pladur-4-1024x826.jpg\" class=\"attachment-large size-large\" alt=\"\" srcset=\"https:\/\/rifranplac.es\/wp-content\/uploads\/2023\/04\/Cerramiento-acustico-con-pladur-4-1024x826.jpg 1024w, https:\/\/rifranplac.es\/wp-content\/uploads\/2023\/04\/Cerramiento-acustico-con-pladur-4-300x242.jpg 300w, https:\/\/rifranplac.es\/wp-content\/uploads\/2023\/04\/Cerramiento-acustico-con-pladur-4-768x619.jpg 768w, https:\/\/rifranplac.es\/wp-content\/uploads\/2023\/04\/Cerramiento-acustico-con-pladur-4.jpg 1157w\" sizes=\"auto, (max-width: 1024px) 100vw, 1024px\" \/><\/a>\n\t\t\t<\/div><\/figure>\n\t\t<\/div>\n\t\t<\/div>\n\t\t\t\t<\/div>\n\t\t\t\t<\/div>\n\t\t\t\t\t<\/div>\n\t\t<\/div>\n\t\t\t\t\t\t\t<\/div>\n\t\t<\/section>\n\t\t\t\t<section class=\"elementor-section elementor-top-section elementor-element elementor-element-27b67d80 elementor-section-boxed elementor-section-height-default elementor-section-height-default\" data-id=\"27b67d80\" data-element_type=\"section\" data-settings=\"{&quot;background_background&quot;:&quot;classic&quot;}\">\n\t\t\t\t\t\t<div class=\"elementor-container elementor-column-gap-default\">\n\t\t\t\t\t<div class=\"elementor-column elementor-col-100 elementor-top-column elementor-element elementor-element-4f54f84c\" data-id=\"4f54f84c\" data-element_type=\"column\">\n\t\t\t<div class=\"elementor-widget-wrap elementor-element-populated\">\n\t\t\t\t\t\t\t\t<div class=\"elementor-element elementor-element-3415472c elementor-widget elementor-widget-spacer\" data-id=\"3415472c\" data-element_type=\"widget\" data-widget_type=\"spacer.default\">\n\t\t\t\t<div class=\"elementor-widget-container\">\n\t\t\t<style>\/*! elementor - v3.17.0 - 25-10-2023 *\/\n.elementor-column .elementor-spacer-inner{height:var(--spacer-size)}.e-con{--container-widget-width:100%}.e-con-inner>.elementor-widget-spacer,.e-con>.elementor-widget-spacer{width:var(--container-widget-width,var(--spacer-size));--align-self:var(--container-widget-align-self,initial);--flex-shrink:0}.e-con-inner>.elementor-widget-spacer>.elementor-widget-container,.e-con>.elementor-widget-spacer>.elementor-widget-container{height:100%;width:100%}.e-con-inner>.elementor-widget-spacer>.elementor-widget-container>.elementor-spacer,.e-con>.elementor-widget-spacer>.elementor-widget-container>.elementor-spacer{height:100%}.e-con-inner>.elementor-widget-spacer>.elementor-widget-container>.elementor-spacer>.elementor-spacer-inner,.e-con>.elementor-widget-spacer>.elementor-widget-container>.elementor-spacer>.elementor-spacer-inner{height:var(--container-widget-height,var(--spacer-size))}.e-con-inner>.elementor-widget-spacer.elementor-widget-empty,.e-con>.elementor-widget-spacer.elementor-widget-empty{position:relative;min-height:22px;min-width:22px}.e-con-inner>.elementor-widget-spacer.elementor-widget-empty .elementor-widget-empty-icon,.e-con>.elementor-widget-spacer.elementor-widget-empty .elementor-widget-empty-icon{position:absolute;top:0;bottom:0;left:0;right:0;margin:auto;padding:0;width:22px;height:22px}<\/style>\t\t<div class=\"elementor-spacer\">\n\t\t\t<div class=\"elementor-spacer-inner\"><\/div>\n\t\t<\/div>\n\t\t\t\t<\/div>\n\t\t\t\t<\/div>\n\t\t\t\t\t<\/div>\n\t\t<\/div>\n\t\t\t\t\t\t\t<\/div>\n\t\t<\/section>\n\t\t\t\t<section class=\"elementor-section elementor-top-section elementor-element elementor-element-3641f22f elementor-section-boxed elementor-section-height-default elementor-section-height-default\" data-id=\"3641f22f\" data-element_type=\"section\" data-settings=\"{&quot;background_background&quot;:&quot;classic&quot;}\">\n\t\t\t\t\t\t\t<div class=\"elementor-background-overlay\"><\/div>\n\t\t\t\t\t\t\t<div class=\"elementor-container elementor-column-gap-no\">\n\t\t\t\t\t<div class=\"elementor-column elementor-col-100 elementor-top-column elementor-element elementor-element-1c458043\" data-id=\"1c458043\" data-element_type=\"column\">\n\t\t\t<div class=\"elementor-widget-wrap elementor-element-populated\">\n\t\t\t\t\t\t\t\t<div class=\"elementor-element elementor-element-7c54a75b elementor-widget elementor-widget-heading\" data-id=\"7c54a75b\" data-element_type=\"widget\" data-widget_type=\"heading.default\">\n\t\t\t\t<div class=\"elementor-widget-container\">\n\t\t\t<h6 class=\"elementor-heading-title elementor-size-default\">\n\nPor qu\u00e9 elegirnos\n\n<\/h6>\t\t<\/div>\n\t\t\t\t<\/div>\n\t\t\t\t<div class=\"elementor-element elementor-element-1cfb9828 elementor-widget elementor-widget-heading\" data-id=\"1cfb9828\" data-element_type=\"widget\" data-widget_type=\"heading.default\">\n\t\t\t\t<div class=\"elementor-widget-container\">\n\t\t\t<h2 class=\"elementor-heading-title elementor-size-default\">La raz\u00f3n para elegirnos<\/h2>\t\t<\/div>\n\t\t\t\t<\/div>\n\t\t\t\t<section class=\"elementor-section elementor-inner-section elementor-element elementor-element-3255e430 elementor-section-boxed elementor-section-height-default elementor-section-height-default\" data-id=\"3255e430\" data-element_type=\"section\">\n\t\t\t\t\t\t<div class=\"elementor-container elementor-column-gap-default\">\n\t\t\t\t\t<div class=\"elementor-column elementor-col-33 elementor-inner-column elementor-element elementor-element-28915b43\" data-id=\"28915b43\" data-element_type=\"column\" data-settings=\"{&quot;background_background&quot;:&quot;classic&quot;}\">\n\t\t\t<div class=\"elementor-widget-wrap elementor-element-populated\">\n\t\t\t\t\t\t\t\t<div class=\"elementor-element elementor-element-546e2c1b elementor-view-default elementor-position-top elementor-mobile-position-top elementor-widget elementor-widget-icon-box\" data-id=\"546e2c1b\" data-element_type=\"widget\" data-widget_type=\"icon-box.default\">\n\t\t\t\t<div class=\"elementor-widget-container\">\n\t\t\t\t\t<div class=\"elementor-icon-box-wrapper\">\n\t\t\t\t\t\t<div class=\"elementor-icon-box-icon\">\n\t\t\t\t<span  class=\"elementor-icon elementor-animation-\">\n\t\t\t\t<i aria-hidden=\"true\" class=\"far fa-check-circle\"><\/i>\t\t\t\t<\/span>\n\t\t\t<\/div>\n\t\t\t\t\t\t<div class=\"elementor-icon-box-content\">\n\t\t\t\t<h6 class=\"elementor-icon-box-title\">\n\t\t\t\t\t<span  >\n\t\t\t\t\t\tEmpresa Acreditada\t\t\t\t\t<\/span>\n\t\t\t\t<\/h6>\n\t\t\t\t\t\t\t<\/div>\n\t\t<\/div>\n\t\t\t\t<\/div>\n\t\t\t\t<\/div>\n\t\t\t\t\t<\/div>\n\t\t<\/div>\n\t\t\t\t<div class=\"elementor-column elementor-col-33 elementor-inner-column elementor-element elementor-element-2e4041c\" data-id=\"2e4041c\" data-element_type=\"column\" data-settings=\"{&quot;background_background&quot;:&quot;classic&quot;}\">\n\t\t\t<div class=\"elementor-widget-wrap elementor-element-populated\">\n\t\t\t\t\t\t\t\t<div class=\"elementor-element elementor-element-2d99f07e elementor-view-default elementor-position-top elementor-mobile-position-top elementor-widget elementor-widget-icon-box\" data-id=\"2d99f07e\" data-element_type=\"widget\" data-widget_type=\"icon-box.default\">\n\t\t\t\t<div class=\"elementor-widget-container\">\n\t\t\t\t\t<div class=\"elementor-icon-box-wrapper\">\n\t\t\t\t\t\t<div class=\"elementor-icon-box-icon\">\n\t\t\t\t<span  class=\"elementor-icon elementor-animation-\">\n\t\t\t\t<i aria-hidden=\"true\" class=\"fas fa-user-shield\"><\/i>\t\t\t\t<\/span>\n\t\t\t<\/div>\n\t\t\t\t\t\t<div class=\"elementor-icon-box-content\">\n\t\t\t\t<h6 class=\"elementor-icon-box-title\">\n\t\t\t\t\t<span  >\n\t\t\t\t\t\t100% Garant\u00eda\t\t\t\t\t<\/span>\n\t\t\t\t<\/h6>\n\t\t\t\t\t\t\t<\/div>\n\t\t<\/div>\n\t\t\t\t<\/div>\n\t\t\t\t<\/div>\n\t\t\t\t\t<\/div>\n\t\t<\/div>\n\t\t\t\t<div class=\"elementor-column elementor-col-33 elementor-inner-column elementor-element elementor-element-19a65169\" data-id=\"19a65169\" data-element_type=\"column\" data-settings=\"{&quot;background_background&quot;:&quot;classic&quot;}\">\n\t\t\t<div class=\"elementor-widget-wrap elementor-element-populated\">\n\t\t\t\t\t\t\t\t<div class=\"elementor-element elementor-element-2ae8a383 elementor-view-default elementor-position-top elementor-mobile-position-top elementor-widget elementor-widget-icon-box\" data-id=\"2ae8a383\" data-element_type=\"widget\" data-widget_type=\"icon-box.default\">\n\t\t\t\t<div class=\"elementor-widget-container\">\n\t\t\t\t\t<div class=\"elementor-icon-box-wrapper\">\n\t\t\t\t\t\t<div class=\"elementor-icon-box-icon\">\n\t\t\t\t<span  class=\"elementor-icon elementor-animation-\">\n\t\t\t\t<i aria-hidden=\"true\" class=\"fas fa-hard-hat\"><\/i>\t\t\t\t<\/span>\n\t\t\t<\/div>\n\t\t\t\t\t\t<div class=\"elementor-icon-box-content\">\n\t\t\t\t<h6 class=\"elementor-icon-box-title\">\n\t\t\t\t\t<span  >\n\t\t\t\t\t\t  Material de calidad\t\t\t\t\t<\/span>\n\t\t\t\t<\/h6>\n\t\t\t\t\t\t\t<\/div>\n\t\t<\/div>\n\t\t\t\t<\/div>\n\t\t\t\t<\/div>\n\t\t\t\t\t<\/div>\n\t\t<\/div>\n\t\t\t\t\t\t\t<\/div>\n\t\t<\/section>\n\t\t\t\t\t<\/div>\n\t\t<\/div>\n\t\t\t\t\t\t\t<\/div>\n\t\t<\/section>\n\t\t\t\t\t\t\t<\/div>","protected":false},"excerpt":{"rendered":"<p>Aislamiento T\u00e9rmico Aislamientos T\u00e9rmicos Si necesitas aislar tu casa con trabajos de pladur en Tomelloso y su comarca, debes saber qu\u00e9 en RIFRANPLAC tienes todo lo necesario para ello. Hacemos aislamientos t\u00e9rmicos para que en tus habitaciones se noten menos los efectos del calor de verano y el fr\u00edo del invierno. O puedes usar pladur &hellip;<\/p>\n<p class=\"read-more\"> <a class=\"\" href=\"https:\/\/rifranplac.es\/en\/aislamiento-termico\/\"> <span class=\"screen-reader-text\">Aislamiento T\u00e9rmico<\/span> Read More &raquo;<\/a><\/p>","protected":false},"author":1,"featured_media":0,"parent":0,"menu_order":0,"comment_status":"closed","ping_status":"closed","template":"","meta":{"om_disable_all_campaigns":false,"_mi_skip_tracking":false,"_monsterinsights_sitenote_active":false,"_monsterinsights_sitenote_note":"","_monsterinsights_sitenote_category":0,"site-sidebar-layout":"no-sidebar","site-content-layout":"page-builder","ast-global-header-display":"","ast-main-header-display":"","ast-hfb-above-header-display":"","ast-hfb-below-header-display":"","ast-hfb-mobile-header-display":"","site-post-title":"disabled","ast-breadcrumbs-content":"","ast-featured-img":"disabled","footer-sml-layout":"","theme-transparent-header-meta":"","adv-header-id-meta":"","stick-header-meta":"","header-above-stick-meta":"","header-main-stick-meta":"","header-below-stick-meta":"","footnotes":""},"class_list":["post-917","page","type-page","status-publish","hentry"],"aioseo_notices":[],"_links":{"self":[{"href":"https:\/\/rifranplac.es\/en\/wp-json\/wp\/v2\/pages\/917","targetHints":{"allow":["GET"]}}],"collection":[{"href":"https:\/\/rifranplac.es\/en\/wp-json\/wp\/v2\/pages"}],"about":[{"href":"https:\/\/rifranplac.es\/en\/wp-json\/wp\/v2\/types\/page"}],"author":[{"embeddable":true,"href":"https:\/\/rifranplac.es\/en\/wp-json\/wp\/v2\/users\/1"}],"replies":[{"embeddable":true,"href":"https:\/\/rifranplac.es\/en\/wp-json\/wp\/v2\/comments?post=917"}],"version-history":[{"count":5,"href":"https:\/\/rifranplac.es\/en\/wp-json\/wp\/v2\/pages\/917\/revisions"}],"predecessor-version":[{"id":1032,"href":"https:\/\/rifranplac.es\/en\/wp-json\/wp\/v2\/pages\/917\/revisions\/1032"}],"wp:attachment":[{"href":"https:\/\/rifranplac.es\/en\/wp-json\/wp\/v2\/media?parent=917"}],"curies":[{"name":"wp","href":"https:\/\/api.w.org\/{rel}","templated":true}]}}